{"id":316,"date":"2024-03-17T22:15:32","date_gmt":"2024-03-17T22:15:32","guid":{"rendered":"https:\/\/redadviser.com\/?page_id=316"},"modified":"2026-02-03T15:53:23","modified_gmt":"2026-02-03T15:53:23","slug":"informacao-legal","status":"publish","type":"page","link":"https:\/\/redadviser.com\/?page_id=316","title":{"rendered":"Informa\u00e7\u00e3o Legal"},"content":{"rendered":"","protected":false},"excerpt":{"rendered":"","protected":false},"author":1,"featured_media":0,"parent":0,"menu_order":0,"comment_status":"closed","ping_status":"closed","template":"","meta":{"footnotes":""},"class_list":["post-316","page","type-page","status-publish","hentry"],"yoast_head":"<!-- This site is optimized with the Yoast SEO plugin v22.4 - https:\/\/yoast.com\/wordpress\/plugins\/seo\/ -->\n<title>Informa\u00e7\u00e3o Legal - RedAdviser<\/title>\n<meta name=\"description\" content=\"Na RedAdviser, respeitamos a sua privacidade. Nesta p\u00e1gina pode encontrar toda a informa\u00e7\u00e3o legal que procura.\" \/>\n<meta name=\"robots\" content=\"index, follow, max-snippet:-1, max-image-preview:large, max-video-preview:-1\" \/>\n<link rel=\"canonical\" href=\"https:\/\/redadviser.com\/?page_id=316\" \/>\n<meta property=\"og:locale\" content=\"pt_PT\" \/>\n<meta property=\"og:type\" content=\"article\" \/>\n<meta property=\"og:title\" content=\"Informa\u00e7\u00e3o Legal - RedAdviser\" \/>\n<meta property=\"og:description\" content=\"Na RedAdviser, respeitamos a sua privacidade. Nesta p\u00e1gina pode encontrar toda a informa\u00e7\u00e3o legal que procura.\" \/>\n<meta property=\"og:url\" content=\"https:\/\/redadviser.com\/?page_id=316\" \/>\n<meta property=\"og:site_name\" content=\"RedAdviser\" \/>\n<meta property=\"article:publisher\" content=\"https:\/\/www.facebook.com\/digitalredadviser\" \/>\n<meta property=\"article:modified_time\" content=\"2026-02-03T15:53:23+00:00\" \/>\n<meta name=\"twitter:card\" content=\"summary_large_image\" \/>\n<script type=\"application\/ld+json\" class=\"yoast-schema-graph\">{\"@context\":\"https:\/\/schema.org\",\"@graph\":[{\"@type\":\"WebPage\",\"@id\":\"https:\/\/redadviser.com\/?page_id=316\",\"url\":\"https:\/\/redadviser.com\/?page_id=316\",\"name\":\"Informa\u00e7\u00e3o Legal - RedAdviser\",\"isPartOf\":{\"@id\":\"https:\/\/redadviser.com\/#website\"},\"datePublished\":\"2024-03-17T22:15:32+00:00\",\"dateModified\":\"2026-02-03T15:53:23+00:00\",\"description\":\"Na RedAdviser, respeitamos a sua privacidade. Nesta p\u00e1gina pode encontrar toda a informa\u00e7\u00e3o legal que procura.\",\"breadcrumb\":{\"@id\":\"https:\/\/redadviser.com\/?page_id=316#breadcrumb\"},\"inLanguage\":\"pt-PT\",\"potentialAction\":[{\"@type\":\"ReadAction\",\"target\":[\"https:\/\/redadviser.com\/?page_id=316\"]}]},{\"@type\":\"BreadcrumbList\",\"@id\":\"https:\/\/redadviser.com\/?page_id=316#breadcrumb\",\"itemListElement\":[{\"@type\":\"ListItem\",\"position\":1,\"name\":\"In\u00edcio\",\"item\":\"https:\/\/redadviser.com\/\"},{\"@type\":\"ListItem\",\"position\":2,\"name\":\"Informa\u00e7\u00e3o Legal\"}]},{\"@type\":\"WebSite\",\"@id\":\"https:\/\/redadviser.com\/#website\",\"url\":\"https:\/\/redadviser.com\/\",\"name\":\"RedAdviser\",\"description\":\"\",\"publisher\":{\"@id\":\"https:\/\/redadviser.com\/#organization\"},\"potentialAction\":[{\"@type\":\"SearchAction\",\"target\":{\"@type\":\"EntryPoint\",\"urlTemplate\":\"https:\/\/redadviser.com\/?s={search_term_string}\"},\"query-input\":\"required name=search_term_string\"}],\"inLanguage\":\"pt-PT\"},{\"@type\":\"Organization\",\"@id\":\"https:\/\/redadviser.com\/#organization\",\"name\":\"RedAdviser\",\"url\":\"https:\/\/redadviser.com\/\",\"logo\":{\"@type\":\"ImageObject\",\"inLanguage\":\"pt-PT\",\"@id\":\"https:\/\/redadviser.com\/#\/schema\/logo\/image\/\",\"url\":\"https:\/\/redadviser.com\/wp-content\/uploads\/2024\/09\/cropped-logonavbar-1.png\",\"contentUrl\":\"https:\/\/redadviser.com\/wp-content\/uploads\/2024\/09\/cropped-logonavbar-1.png\",\"width\":512,\"height\":512,\"caption\":\"RedAdviser\"},\"image\":{\"@id\":\"https:\/\/redadviser.com\/#\/schema\/logo\/image\/\"},\"sameAs\":[\"https:\/\/www.facebook.com\/digitalredadviser\",\"https:\/\/www.instagram.com\/redadviser\/\",\"https:\/\/www.linkedin.com\/company\/redadviser\/about\/\"]}]}<\/script>\n<!-- \/ Yoast SEO plugin. -->","yoast_head_json":{"title":"Informa\u00e7\u00e3o Legal - RedAdviser","description":"Na RedAdviser, respeitamos a sua privacidade. Nesta p\u00e1gina pode encontrar toda a informa\u00e7\u00e3o legal que procura.","robots":{"index":"index","follow":"follow","max-snippet":"max-snippet:-1","max-image-preview":"max-image-preview:large","max-video-preview":"max-video-preview:-1"},"canonical":"https:\/\/redadviser.com\/?page_id=316","og_locale":"pt_PT","og_type":"article","og_title":"Informa\u00e7\u00e3o Legal - RedAdviser","og_description":"Na RedAdviser, respeitamos a sua privacidade. Nesta p\u00e1gina pode encontrar toda a informa\u00e7\u00e3o legal que procura.","og_url":"https:\/\/redadviser.com\/?page_id=316","og_site_name":"RedAdviser","article_publisher":"https:\/\/www.facebook.com\/digitalredadviser","article_modified_time":"2026-02-03T15:53:23+00:00","twitter_card":"summary_large_image","schema":{"@context":"https:\/\/schema.org","@graph":[{"@type":"WebPage","@id":"https:\/\/redadviser.com\/?page_id=316","url":"https:\/\/redadviser.com\/?page_id=316","name":"Informa\u00e7\u00e3o Legal - RedAdviser","isPartOf":{"@id":"https:\/\/redadviser.com\/#website"},"datePublished":"2024-03-17T22:15:32+00:00","dateModified":"2026-02-03T15:53:23+00:00","description":"Na RedAdviser, respeitamos a sua privacidade. Nesta p\u00e1gina pode encontrar toda a informa\u00e7\u00e3o legal que procura.","breadcrumb":{"@id":"https:\/\/redadviser.com\/?page_id=316#breadcrumb"},"inLanguage":"pt-PT","potentialAction":[{"@type":"ReadAction","target":["https:\/\/redadviser.com\/?page_id=316"]}]},{"@type":"BreadcrumbList","@id":"https:\/\/redadviser.com\/?page_id=316#breadcrumb","itemListElement":[{"@type":"ListItem","position":1,"name":"In\u00edcio","item":"https:\/\/redadviser.com\/"},{"@type":"ListItem","position":2,"name":"Informa\u00e7\u00e3o Legal"}]},{"@type":"WebSite","@id":"https:\/\/redadviser.com\/#website","url":"https:\/\/redadviser.com\/","name":"RedAdviser","description":"","publisher":{"@id":"https:\/\/redadviser.com\/#organization"},"potentialAction":[{"@type":"SearchAction","target":{"@type":"EntryPoint","urlTemplate":"https:\/\/redadviser.com\/?s={search_term_string}"},"query-input":"required name=search_term_string"}],"inLanguage":"pt-PT"},{"@type":"Organization","@id":"https:\/\/redadviser.com\/#organization","name":"RedAdviser","url":"https:\/\/redadviser.com\/","logo":{"@type":"ImageObject","inLanguage":"pt-PT","@id":"https:\/\/redadviser.com\/#\/schema\/logo\/image\/","url":"https:\/\/redadviser.com\/wp-content\/uploads\/2024\/09\/cropped-logonavbar-1.png","contentUrl":"https:\/\/redadviser.com\/wp-content\/uploads\/2024\/09\/cropped-logonavbar-1.png","width":512,"height":512,"caption":"RedAdviser"},"image":{"@id":"https:\/\/redadviser.com\/#\/schema\/logo\/image\/"},"sameAs":["https:\/\/www.facebook.com\/digitalredadviser","https:\/\/www.instagram.com\/redadviser\/","https:\/\/www.linkedin.com\/company\/redadviser\/about\/"]}]}},"_links":{"self":[{"href":"https:\/\/redadviser.com\/index.php?rest_route=\/wp\/v2\/pages\/316","targetHints":{"allow":["GET"]}}],"collection":[{"href":"https:\/\/redadviser.com\/index.php?rest_route=\/wp\/v2\/pages"}],"about":[{"href":"https:\/\/redadviser.com\/index.php?rest_route=\/wp\/v2\/types\/page"}],"author":[{"embeddable":true,"href":"https:\/\/redadviser.com\/index.php?rest_route=\/wp\/v2\/users\/1"}],"replies":[{"embeddable":true,"href":"https:\/\/redadviser.com\/index.php?rest_route=%2Fwp%2Fv2%2Fcomments&post=316"}],"version-history":[{"count":1,"href":"https:\/\/redadviser.com\/index.php?rest_route=\/wp\/v2\/pages\/316\/revisions"}],"predecessor-version":[{"id":317,"href":"https:\/\/redadviser.com\/index.php?rest_route=\/wp\/v2\/pages\/316\/revisions\/317"}],"wp:attachment":[{"href":"https:\/\/redadviser.com\/index.php?rest_route=%2Fwp%2Fv2%2Fmedia&parent=316"}],"curies":[{"name":"wp","href":"https:\/\/api.w.org\/{rel}","templated":true}]}}